{"id":549,"date":"2019-12-08T12:37:49","date_gmt":"2019-12-08T11:37:49","guid":{"rendered":"https:\/\/derechomercantil.umh.es\/?page_id=549"},"modified":"2024-04-14T18:45:25","modified_gmt":"2024-04-14T16:45:25","slug":"infractxrs-quien-copia-quien-descarga-y-por-que-prevalencia-y-diferencias-de-genero-en-las-intuiciones-de-justicia-y-el-cumplimiento-de-la-propiedad-intelectual","status":"publish","type":"page","link":"https:\/\/derechomercantil.umh.es\/en\/investigacion\/proyectos\/infractxrs-quien-copia-quien-descarga-y-por-que-prevalencia-y-diferencias-de-genero-en-las-intuiciones-de-justicia-y-el-cumplimiento-de-la-propiedad-intelectual\/","title":{"rendered":"<span lang=\"es\">(Espa\u00f1ol) InfractXrs: \u00bfQui\u00e9n copia, qui\u00e9n descarga y por qu\u00e9? Prevalencia y diferencias de g\u00e9nero en las intuiciones de justicia y el cumplimiento de la propiedad intelectual<\/span>"},"content":{"rendered":"<p class=\"qtranxs-available-languages-message qtranxs-available-languages-message-en\">Sorry, this entry is only available in <a href=\"https:\/\/derechomercantil.umh.es\/es\/wp-json\/wp\/v2\/pages\/549\" class=\"qtranxs-available-language-link qtranxs-available-language-link-es\" title=\"Espa\u00f1ol\">European Spanish<\/a>.<\/p>","protected":false},"excerpt":{"rendered":"<p>Sorry, this entry is only available in European Spanish.<\/p>\n","protected":false},"author":336,"featured_media":0,"parent":21,"menu_order":20,"comment_status":"closed","ping_status":"closed","template":"","meta":{"_links_to":"","_links_to_target":""},"_links":{"self":[{"href":"https:\/\/derechomercantil.umh.es\/en\/wp-json\/wp\/v2\/pages\/549"}],"collection":[{"href":"https:\/\/derechomercantil.umh.es\/en\/wp-json\/wp\/v2\/pages"}],"about":[{"href":"https:\/\/derechomercantil.umh.es\/en\/wp-json\/wp\/v2\/types\/page"}],"author":[{"embeddable":true,"href":"https:\/\/derechomercantil.umh.es\/en\/wp-json\/wp\/v2\/users\/336"}],"replies":[{"embeddable":true,"href":"https:\/\/derechomercantil.umh.es\/en\/wp-json\/wp\/v2\/comments?post=549"}],"version-history":[{"count":0,"href":"https:\/\/derechomercantil.umh.es\/en\/wp-json\/wp\/v2\/pages\/549\/revisions"}],"up":[{"embeddable":true,"href":"https:\/\/derechomercantil.umh.es\/en\/wp-json\/wp\/v2\/pages\/21"}],"wp:attachment":[{"href":"https:\/\/derechomercantil.umh.es\/en\/wp-json\/wp\/v2\/media?parent=549"}],"curies":[{"name":"wp","href":"https:\/\/api.w.org\/{rel}","templated":true}]}}